{"id":66,"date":"2017-12-23T21:14:13","date_gmt":"2017-12-23T21:14:13","guid":{"rendered":"http:\/\/www.grahovo.org\/?page_id=66"},"modified":"2019-04-25T13:36:06","modified_gmt":"2019-04-25T12:36:06","slug":"dokumentacija","status":"publish","type":"page","link":"https:\/\/www.grahovo.org\/sr\/dokumentacija\/","title":{"rendered":"Dokumentacija"},"content":{"rendered":"<p style=\"text-align: left;\">Na ovoj stranici mo\u017eete da preuzmete dokumentaciju vezanu za Udru\u017eenje:<\/p>\n<p style=\"text-align: left;\"><a href=\"http:\/\/www.grahovo.org\/\/wp-content\/uploads\/2018\/12\/Udruzenje-Grahovljana-Ugovor-o-donaciji-v1.0-3-converted.pdf\">Udruzenje Grahovljana Ugovor o donaciji&nbsp;<\/a><\/p>\n<p><a href=\"http:\/\/www.grahovo.org\/\/wp-content\/uploads\/2018\/12\/Uputstvo-za-placanje-u-EUR.pdf\">Uputstvo za uplatu u EUR<\/a><\/p>\n<p><a href=\"http:\/\/www.grahovo.org\/\/wp-content\/uploads\/2018\/12\/Uputstvo-za-placanje-u-USD.pdf\">Uputstvo za uplatu u USD<\/a><\/p>\n<p><a href=\"http:\/\/www.grahovo.org\/\/wp-content\/uploads\/2019\/04\/Izve\u0161taj-Nadzornog-odbora-Skup\u0161tine-Udru\u017eenja-za-period-januar-2018-decembar-2018-godine.pdf\">Izve\u0161taj Nadzornog odbora Skup\u0161tine Udru\u017eenja za period januar 2018 &#8211; decembar 2018 godine<\/a><\/p>\n<p><a href=\"http:\/\/www.grahovo.org\/\/wp-content\/uploads\/2019\/04\/Izve\u0161taj-o-radu-Udru\u017eenja-za-2017.-i-2018.-godinu.pdf\">Izve\u0161taj o radu Udru\u017eenja za 2017. i 2018. godinu<\/a><\/p>\n<p><a href=\"http:\/\/www.grahovo.org\/\/wp-content\/uploads\/2019\/04\/Plan-aktivnosti-Udru\u017eenja-za-2019.godinu.pdf\">Plan aktivnosti Udru\u017eenja za 2019.godinu<\/a><\/p>\n<p><a href=\"http:\/\/www.grahovo.org\/\/wp-content\/uploads\/2019\/04\/Programsku-orijentaciju-Udru\u017eenja-za-period-od-2018.-2022.-god.pdf\">Programsku orijentaciju Udru\u017eenja za period od 2018.-2022. god<\/a><\/p>\n<p><a href=\"http:\/\/www.grahovo.org\/\/wp-content\/uploads\/2019\/04\/Zapisnik-sa-sednice-skupstine-odrzane-08.12.2017.-1-converted.pdf\">Zapisnik sa sednice skupstine odrzane 08.12.2017.&nbsp;<\/a><\/p>\n<p><a href=\"http:\/\/www.grahovo.org\/\/wp-content\/uploads\/2019\/04\/Finansijski-izve\u0161taj-za-2017.god_.xlsx\">Finansijski izve\u0161taj za 2017.god<\/a><\/p>\n<p><a href=\"http:\/\/www.grahovo.org\/\/wp-content\/uploads\/2019\/04\/Finansijski-izvestaj-za-2018.god_.xlsx\">Finansijski izvestaj za 2018.god<\/a><\/p>\n<p>&nbsp;<\/p>\n<p>&nbsp;<\/p>\n\n\n<p><\/p>","protected":false},"excerpt":{"rendered":"<p>Na ovoj stranici mo\u017eete da preuzmete dokumentaciju vezanu za Udru\u017eenje: Udruzenje Grahovljana Ugovor o donaciji&nbsp; Uputstvo za uplatu u EUR Uputstvo za uplatu u USD Izve\u0161taj Nadzornog odbora Skup\u0161tine Udru\u017eenja<span class=\"more-link\"><a href=\"https:\/\/www.grahovo.org\/sr\/dokumentacija\/\">Saznaj vi\u0161e<\/a><\/span><\/p>","protected":false},"author":1,"featured_media":0,"parent":0,"menu_order":0,"comment_status":"closed","ping_status":"closed","template":"","meta":{"ngg_post_thumbnail":0,"footnotes":""},"aioseo_notices":[],"_links":{"self":[{"href":"https:\/\/www.grahovo.org\/sr\/wp-json\/wp\/v2\/pages\/66"}],"collection":[{"href":"https:\/\/www.grahovo.org\/sr\/wp-json\/wp\/v2\/pages"}],"about":[{"href":"https:\/\/www.grahovo.org\/sr\/wp-json\/wp\/v2\/types\/page"}],"author":[{"embeddable":true,"href":"https:\/\/www.grahovo.org\/sr\/wp-json\/wp\/v2\/users\/1"}],"replies":[{"embeddable":true,"href":"https:\/\/www.grahovo.org\/sr\/wp-json\/wp\/v2\/comments?post=66"}],"version-history":[{"count":31,"href":"https:\/\/www.grahovo.org\/sr\/wp-json\/wp\/v2\/pages\/66\/revisions"}],"predecessor-version":[{"id":1775,"href":"https:\/\/www.grahovo.org\/sr\/wp-json\/wp\/v2\/pages\/66\/revisions\/1775"}],"wp:attachment":[{"href":"https:\/\/www.grahovo.org\/sr\/wp-json\/wp\/v2\/media?parent=66"}],"curies":[{"name":"wp","href":"https:\/\/api.w.org\/{rel}","templated":true}]}}