{"id":2,"date":"2017-12-23T20:41:03","date_gmt":"2017-12-23T20:41:03","guid":{"rendered":"http:\/\/www.grahovo.org\/?page_id=2"},"modified":"2018-03-03T22:54:14","modified_gmt":"2018-03-03T21:54:14","slug":"o-udruzenju","status":"publish","type":"page","link":"https:\/\/www.grahovo.org\/sr\/o-udruzenju\/","title":{"rendered":"Vizija udru\u017eenja"},"content":{"rendered":"<p>Vizija jednog udru\u017eenja kao sto je \u201cUdru\u017eenje Grahovljana i prijatelja Bosanskog Grahova\u201d mora da bude jednostavna u smislu da je neophodno \u00a0da se pridr\u017eava dobro poznate krilatice: \u201dPomozi i Bog \u0107e ti pomo\u0107i\u201d.<\/p>\n<p>Ovo na\u0161e Udru\u017eenje i dru\u017eenje se upravo svodi na to!<\/p>\n<p>Posle niza razgovora nekolicine entuzijasta okupljenih uglavnom u Grahovu<\/p>\n<p>za vreme Ilindana odlu\u010deno je jednoglasno da se pridru\u017eimo ve\u0107 postoje\u0107em udru\u017eenju i poku\u0161amo da pomognemo onima kojima je pomo\u0107 neophodna.<\/p>\n<p>Neki koji ne veruju ni u svoje ni u tu\u0111e dobre namere re\u0107i \u0107e: \u201c\u0160ta ste \u010dekali tolike godine\u201c? Na to pitanje je jednostavno dati odgovor, \u201cNismo mi \u010dekali ve\u0107 je pravo vreme \u010dekalo nas\u201d.<\/p>\n<p>Udru\u017eenje Grahovljana i prijatelja Bosanskog Grahova je postojalo pre i postoja\u0107e posle nas. Na\u0161a namera nije bila da prisvajamo ne\u010dije uspehe, samo smo po\u017eeleli da se priklju\u010dimo radu Udru\u017eenja i damo svoj doprinos. Veliki broj nas je stigao u prestonicu, tih predratnih godina, da studira sa razli\u010ditim \u017eeljama i vizijama o \u017eivotu, a mnogi su izbegli iz ratom zahva\u0107enog podru\u010dja . S obzirom da smo svi dugi niz godina stvarali od po\u010detka i stvorili svoj drugi dom u Beogradu, Novom Sadu i drugim mestima u Srbiji i dijaspori, sada smo do\u0161li u takvu poziciju da mo\u017eemo da pomognemo.<\/p>\n<p>Ako postoji neka sumnja u na\u0161e dobre namere ili ako pomislite da nemamo dovoljno snage za pozitivne poduhvate pozivamo Vas da nam se priklju\u010dite i pomognete. Molimo Vas tako\u0111e ako imate neke ideje , predloge ili sugestije, da nam se obratite, jer nam je svaka podr\u0161ka potrebna.<\/p>","protected":false},"excerpt":{"rendered":"<p>Vizija jednog udru\u017eenja kao sto je \u201cUdru\u017eenje Grahovljana i prijatelja Bosanskog Grahova\u201d mora da bude jednostavna u smislu da je neophodno \u00a0da se pridr\u017eava dobro poznate krilatice: \u201dPomozi i Bog<span class=\"more-link\"><a href=\"https:\/\/www.grahovo.org\/sr\/o-udruzenju\/\">Saznaj vi\u0161e<\/a><\/span><\/p>","protected":false},"author":1,"featured_media":0,"parent":0,"menu_order":0,"comment_status":"closed","ping_status":"closed","template":"","meta":{"ngg_post_thumbnail":0,"footnotes":""},"aioseo_notices":[],"_links":{"self":[{"href":"https:\/\/www.grahovo.org\/sr\/wp-json\/wp\/v2\/pages\/2"}],"collection":[{"href":"https:\/\/www.grahovo.org\/sr\/wp-json\/wp\/v2\/pages"}],"about":[{"href":"https:\/\/www.grahovo.org\/sr\/wp-json\/wp\/v2\/types\/page"}],"author":[{"embeddable":true,"href":"https:\/\/www.grahovo.org\/sr\/wp-json\/wp\/v2\/users\/1"}],"replies":[{"embeddable":true,"href":"https:\/\/www.grahovo.org\/sr\/wp-json\/wp\/v2\/comments?post=2"}],"version-history":[{"count":4,"href":"https:\/\/www.grahovo.org\/sr\/wp-json\/wp\/v2\/pages\/2\/revisions"}],"predecessor-version":[{"id":981,"href":"https:\/\/www.grahovo.org\/sr\/wp-json\/wp\/v2\/pages\/2\/revisions\/981"}],"wp:attachment":[{"href":"https:\/\/www.grahovo.org\/sr\/wp-json\/wp\/v2\/media?parent=2"}],"curies":[{"name":"wp","href":"https:\/\/api.w.org\/{rel}","templated":true}]}}