{"id":17,"date":"2017-12-23T20:39:21","date_gmt":"2017-12-23T20:39:21","guid":{"rendered":"http:\/\/www.grahovo.org\/?page_id=17"},"modified":"2018-03-01T02:14:36","modified_gmt":"2018-03-01T01:14:36","slug":"kontakt","status":"publish","type":"page","link":"http:\/\/www.grahovo.org\/sr\/kontakt\/","title":{"rendered":"Kontakt"},"content":{"rendered":"<p><iframe loading=\"lazy\" style=\"border: 0;\" src=\"https:\/\/www.google.com\/maps\/embed?pb=!1m18!1m12!1m3!1d2830.3054051419126!2d20.460604615535892!3d44.815342479098696!2m3!1f0!2f0!3f0!3m2!1i1024!2i768!4f13.1!3m3!1m2!1s0x475a7ab18ddc4e93%3A0x6014ecd48b60af5b!2z0JzQsNC60LXQtNC-0L3RgdC60LAgMjIsINCR0LXQvtCz0YDQsNC0!5e0!3m2!1ssr!2srs!4v1519745397343\" width=\"1200\" height=\"300\" frameborder=\"0\" allowfullscreen=\"allowfullscreen\"><\/iframe><\/p>\n<hr>\n<div class=\"su-row\"><div class=\"su-column su-column-size-1-2\"><div class=\"su-column-inner su-u-clearfix su-u-trim\">\n<h3>Kontakt informacije<\/h3>\n<p>Udru\u017eenje Grahovljaka i prijatelja Bosanskog Grahova<br \/>\nMakedonska 22\/2<br \/>\n11000 Beograd, Srbija<\/p>\n<p>PIB: 102738068<\/p>\n<p>Email:&nbsp;<a href=\"mailto:udruzenje.grahovljaka@gmail.com\">udruzenje.grahovljaka@gmail.com<\/a><br \/>\nTelefon:&nbsp;+381 60 737 88 07<br \/>\n<\/div><\/div> <div class=\"su-column su-column-size-1-2\"><div class=\"su-column-inner su-u-clearfix su-u-trim\">\n<h3>Kontakt forma<\/h3>\n<p>Za sva pitanja\/sugestije molimo popunite kontakt formu ispod. Odgovori\u0107emo Vam u najkra\u0107em mogu\u0107em roku.<br \/>\n\n<div class=\"wpcf7 no-js\" id=\"wpcf7-f193-o1\" lang=\"en\" dir=\"ltr\">\n<div class=\"screen-reader-response\"><p role=\"status\" aria-live=\"polite\" aria-atomic=\"true\"><\/p> <ul><\/ul><\/div>\n<form action=\"\/sr\/wp-json\/wp\/v2\/pages\/17#wpcf7-f193-o1\" method=\"post\" class=\"wpcf7-form init\" aria-label=\"Contact form\" novalidate=\"novalidate\" data-status=\"init\" data-trp-original-action=\"\/sr\/wp-json\/wp\/v2\/pages\/17#wpcf7-f193-o1\">\n<div style=\"display: none;\">\n<input type=\"hidden\" name=\"_wpcf7\" value=\"193\" \/>\n<input type=\"hidden\" name=\"_wpcf7_version\" value=\"5.8.2\" \/>\n<input type=\"hidden\" name=\"_wpcf7_locale\" value=\"en\" \/>\n<input type=\"hidden\" name=\"_wpcf7_unit_tag\" value=\"wpcf7-f193-o1\" \/>\n<input type=\"hidden\" name=\"_wpcf7_container_post\" value=\"0\" \/>\n<input type=\"hidden\" name=\"_wpcf7_posted_data_hash\" value=\"\" \/>\n<\/div>\n<p><label> Ime (*)<br \/>\n<span class=\"wpcf7-form-control-wrap\" data-name=\"your-name\"><input size=\"40\" class=\"wpcf7-form-control wpcf7-text wpcf7-validates-as-required\" aria-required=\"true\" aria-invalid=\"false\" value=\"\" type=\"text\" name=\"your-name\" \/><\/span> <\/label>\n<\/p>\n<p><label> E-mail (*)<br \/>\n<span class=\"wpcf7-form-control-wrap\" data-name=\"your-email\"><input size=\"40\" class=\"wpcf7-form-control wpcf7-email wpcf7-validates-as-required wpcf7-text wpcf7-validates-as-email\" aria-required=\"true\" aria-invalid=\"false\" value=\"\" type=\"email\" name=\"your-email\" \/><\/span> <\/label>\n<\/p>\n<p><label> Naslov poruke<br \/>\n<span class=\"wpcf7-form-control-wrap\" data-name=\"your-subject\"><input size=\"40\" class=\"wpcf7-form-control wpcf7-text\" aria-invalid=\"false\" value=\"\" type=\"text\" name=\"your-subject\" \/><\/span> <\/label>\n<\/p>\n<p><label> Poruka (*)<br \/>\n<span class=\"wpcf7-form-control-wrap\" data-name=\"your-message\"><textarea cols=\"40\" rows=\"10\" class=\"wpcf7-form-control wpcf7-textarea wpcf7-validates-as-required\" aria-required=\"true\" aria-invalid=\"false\" name=\"your-message\"><\/textarea><\/span> <\/label>\n<\/p>\n<p><span class=\"wpcf7-form-control-wrap\" data-name=\"quiz-842\"><label><span class=\"wpcf7-quiz-label\">\u010detiri - dva=? (odgovor upisati slovima)<\/span> <input size=\"40\" class=\"wpcf7-form-control wpcf7-quiz\" autocomplete=\"off\" aria-required=\"true\" aria-invalid=\"false\" type=\"text\" name=\"quiz-842\" \/><\/label><input type=\"hidden\" name=\"_wpcf7_quiz_answer_quiz-842\" value=\"222b28a134362c9e45feb8508fdb6a56\" \/><\/span><br \/>\n<input class=\"wpcf7-form-control wpcf7-submit has-spinner\" type=\"submit\" value=\"Po\u0161alji\" \/>\n<\/p><div class=\"wpcf7-response-output\" aria-hidden=\"true\"><\/div>\n<input type=\"hidden\" name=\"trp-form-language\" value=\"sr\"\/><\/form>\n<\/div>\n<\/div><\/div><\/div>","protected":false},"excerpt":{"rendered":"<p><span class=\"more-link\"><a href=\"http:\/\/www.grahovo.org\/sr\/kontakt\/\">Saznaj vi\u0161e<\/a><\/span><\/p>","protected":false},"author":1,"featured_media":0,"parent":0,"menu_order":0,"comment_status":"closed","ping_status":"closed","template":"","meta":{"ngg_post_thumbnail":0,"footnotes":""},"aioseo_notices":[],"_links":{"self":[{"href":"http:\/\/www.grahovo.org\/sr\/wp-json\/wp\/v2\/pages\/17"}],"collection":[{"href":"http:\/\/www.grahovo.org\/sr\/wp-json\/wp\/v2\/pages"}],"about":[{"href":"http:\/\/www.grahovo.org\/sr\/wp-json\/wp\/v2\/types\/page"}],"author":[{"embeddable":true,"href":"http:\/\/www.grahovo.org\/sr\/wp-json\/wp\/v2\/users\/1"}],"replies":[{"embeddable":true,"href":"http:\/\/www.grahovo.org\/sr\/wp-json\/wp\/v2\/comments?post=17"}],"version-history":[{"count":16,"href":"http:\/\/www.grahovo.org\/sr\/wp-json\/wp\/v2\/pages\/17\/revisions"}],"predecessor-version":[{"id":811,"href":"http:\/\/www.grahovo.org\/sr\/wp-json\/wp\/v2\/pages\/17\/revisions\/811"}],"wp:attachment":[{"href":"http:\/\/www.grahovo.org\/sr\/wp-json\/wp\/v2\/media?parent=17"}],"curies":[{"name":"wp","href":"https:\/\/api.w.org\/{rel}","templated":true}]}}